{"id":2605,"date":"2020-09-23T08:04:39","date_gmt":"2020-09-23T08:04:39","guid":{"rendered":"http:\/\/2020.bright-night.it\/?page_id=2605"},"modified":"2020-11-11T07:12:19","modified_gmt":"2020-11-11T07:12:19","slug":"in-toscana","status":"publish","type":"page","link":"https:\/\/2020.bright-night.it\/?page_id=2605","title":{"rendered":"In Toscana"},"content":{"rendered":"\r\n<p>La Notte delle Ricercatrici e dei Ricercatori, iniziativa promossa dalla Commissione Europea, in Toscana, si chiama BRIGHT-NIGHT: l\u2019acronimo \u201cBrilliant Researchers Impact on Growth Health<br \/>and Trust in research\u201d (I ricercatori di talento hanno un impatto sulla crescita, la salute e la fiducia nella ricerca) si unisce alla parola notte. Il risultato \u00e8 una \u201cnotte brillante\u201d per l\u2019impegno delle ricercatrici e dei ricercatori e dei risultati del loro lavoro. BRIGHT-NIGHT \u00e8 sostenuto dalla Regione Toscana nell&#8217;ambito di Giovanis\u00ec, il progetto regionale per l&#8217;autonomia dei giovani, e comprende Universit\u00e0 di Firenze, Pisa e Siena, Universit\u00e0 per Stranieri di Siena, Scuola Superiore di Studi Universitari Sant\u2019Anna, Scuola Normale Superiore, Scuola IMT Alti Studi Lucca, in collaborazione con Consiglio Nazionale delle Ricerche (CNR), Istituto Nazionale di Fisica Nucleare (INFN), Istituto Nazionale di Geofisica e Vulcanologia (INGV), European Gravitational Observatory (EGO).<\/p>\r\n<p>I temi che saranno al centro dell&#8217;edizione 2020 toccheranno tutti i campi della scienza e della cultura, ma in particolare quello della sostenibilit\u00e0 sociale e ambientale in riferimento all\u2019Agenda 2030 delle Nazioni Unite e al 20\u00b0 anniversario della Carta Europea dei Diritti. E cos\u00ec, via a miniconferenze, contest, visite virtuali, esperimenti, documentari e laboratori, in un&#8217;edizione tutta digitale, secondo quanto richiede la situazione di questo periodo. In ogni caso il pubblico sar\u00e0 accompagnato all\u2019interno di un magnifico mondo di scoperte e di conoscenza.\u00a0<\/p>\r\n","protected":false},"excerpt":{"rendered":"<p>La Notte delle Ricercatrici e dei Ricercatori, iniziativa promossa dalla Commissione Europea, in Toscana, si chiama BRIGHT-NIGHT: l\u2019acronimo \u201cBrilliant Researchers Impact on Growth Healthand Trust in research\u201d (I ricercatori di talento hanno un impatto sulla crescita, la salute e la fiducia nella ricerca) si unisce alla parola notte. Il risultato \u00e8 una \u201cnotte brillante\u201d per [&hellip;]<\/p>\n","protected":false},"author":1,"featured_media":0,"parent":0,"menu_order":0,"comment_status":"closed","ping_status":"closed","template":"","meta":{"kk_blocks_editor_width":"","_kiokenblocks_attr":"","_kiokenblocks_dimensions":"","footnotes":""},"_links":{"self":[{"href":"https:\/\/2020.bright-night.it\/index.php?rest_route=\/wp\/v2\/pages\/2605"}],"collection":[{"href":"https:\/\/2020.bright-night.it\/index.php?rest_route=\/wp\/v2\/pages"}],"about":[{"href":"https:\/\/2020.bright-night.it\/index.php?rest_route=\/wp\/v2\/types\/page"}],"author":[{"embeddable":true,"href":"https:\/\/2020.bright-night.it\/index.php?rest_route=\/wp\/v2\/users\/1"}],"replies":[{"embeddable":true,"href":"https:\/\/2020.bright-night.it\/index.php?rest_route=%2Fwp%2Fv2%2Fcomments&post=2605"}],"version-history":[{"count":10,"href":"https:\/\/2020.bright-night.it\/index.php?rest_route=\/wp\/v2\/pages\/2605\/revisions"}],"predecessor-version":[{"id":3812,"href":"https:\/\/2020.bright-night.it\/index.php?rest_route=\/wp\/v2\/pages\/2605\/revisions\/3812"}],"wp:attachment":[{"href":"https:\/\/2020.bright-night.it\/index.php?rest_route=%2Fwp%2Fv2%2Fmedia&parent=2605"}],"curies":[{"name":"wp","href":"https:\/\/api.w.org\/{rel}","templated":true}]}}